{"id":10,"date":"2017-12-16T10:26:29","date_gmt":"2017-12-16T12:26:29","guid":{"rendered":"http:\/\/www.theocom.com.br\/theocom\/?page_id=10"},"modified":"2020-08-17T16:17:15","modified_gmt":"2020-08-17T19:17:15","slug":"fale-conosco","status":"publish","type":"page","link":"https:\/\/www.theocom.com.br\/theocom\/fale-conosco\/","title":{"rendered":"Fale Conosco"},"content":{"rendered":"<p><div class=\"fusion-fullwidth fullwidth-box fusion-builder-row-1 hundred-percent-fullwidth non-hundred-percent-height-scrolling\"  style='background-color: rgba(255,255,255,0);background-position: center center;background-repeat: no-repeat;padding-top:0px;padding-right:0px;padding-bottom:0px;padding-left:0px;'><div class=\"fusion-builder-row fusion-row \"><div  class=\"fusion-layout-column fusion_builder_column fusion_builder_column_1_1 fusion-builder-column-1 fusion-one-full fusion-column-first fusion-column-last 1_1\"  style='margin-top:0px;margin-bottom:0px;'>\n\t\t\t\t\t<div class=\"fusion-column-wrapper\" style=\"padding: 0px 0px 0px 0px;background-position:left top;background-repeat:no-repeat;-webkit-background-size:cover;-moz-background-size:cover;-o-background-size:cover;background-size:cover;\"   data-bg-url=\"\">\n\t\t\t\t\t\t<span class=\"fusion-imageframe imageframe-none imageframe-1 hover-type-none\"><img loading=\"lazy\" src=\"https:\/\/i2.wp.com\/www.theocom.com.br\/theocom\/wp-content\/uploads\/2018\/01\/banner-topo.jpg?resize=1100%2C172&#038;ssl=1\" width=\"1100\" height=\"172\" alt=\"\" title=\"\" class=\"img-responsive wp-image-607\" srcset=\"https:\/\/i2.wp.com\/www.theocom.com.br\/theocom\/wp-content\/uploads\/2018\/01\/banner-topo.jpg?resize=200%2C31&amp;ssl=1 200w, https:\/\/i2.wp.com\/www.theocom.com.br\/theocom\/wp-content\/uploads\/2018\/01\/banner-topo.jpg?resize=300%2C47&amp;ssl=1 300w, https:\/\/i2.wp.com\/www.theocom.com.br\/theocom\/wp-content\/uploads\/2018\/01\/banner-topo.jpg?resize=400%2C63&amp;ssl=1 400w, https:\/\/i2.wp.com\/www.theocom.com.br\/theocom\/wp-content\/uploads\/2018\/01\/banner-topo.jpg?resize=600%2C94&amp;ssl=1 600w, https:\/\/i2.wp.com\/www.theocom.com.br\/theocom\/wp-content\/uploads\/2018\/01\/banner-topo.jpg?resize=768%2C120&amp;ssl=1 768w, https:\/\/i2.wp.com\/www.theocom.com.br\/theocom\/wp-content\/uploads\/2018\/01\/banner-topo.jpg?resize=800%2C125&amp;ssl=1 800w, https:\/\/i2.wp.com\/www.theocom.com.br\/theocom\/wp-content\/uploads\/2018\/01\/banner-topo.jpg?resize=1024%2C160&amp;ssl=1 1024w, https:\/\/i2.wp.com\/www.theocom.com.br\/theocom\/wp-content\/uploads\/2018\/01\/banner-topo.jpg?resize=1200%2C188&amp;ssl=1 1200w, https:\/\/i2.wp.com\/www.theocom.com.br\/theocom\/wp-content\/uploads\/2018\/01\/banner-topo.jpg?fit=1920%2C300&amp;ssl=1 1920w\" sizes=\"(max-width: 0px) 100vw, 1200px\" data-recalc-dims=\"1\" \/><\/span><div class=\"fusion-clearfix\"><\/div>\n\n\t\t\t\t\t<\/div>\n\t\t\t\t<\/div><\/div><\/div><div class=\"fusion-fullwidth fullwidth-box fusion-builder-row-2 nonhundred-percent-fullwidth non-hundred-percent-height-scrolling\"  style='background-color: rgba(255,255,255,0);background-position: center center;background-repeat: no-repeat;padding-top:5%;padding-right:0px;padding-bottom:5%;padding-left:0px;'><div class=\"fusion-builder-row fusion-row \"><div  class=\"fusion-layout-column fusion_builder_column fusion_builder_column_1_1 fusion-builder-column-2 fusion-one-full fusion-column-first fusion-column-last 1_1\"  style='margin-top:0px;margin-bottom:0px;'>\n\t\t\t\t\t<div class=\"fusion-column-wrapper\" style=\"padding: 0px 0px 0px 0px;background-position:left top;background-repeat:no-repeat;-webkit-background-size:cover;-moz-background-size:cover;-o-background-size:cover;background-size:cover;\"   data-bg-url=\"\">\n\t\t\t\t\t\t<style type=\"text\/css\"><\/style><div class=\"fusion-title title fusion-title-1 fusion-sep-none fusion-title-center fusion-title-text fusion-title-size-one\" style=\"margin-top:0px;margin-bottom:0px;\"><h1 class=\"title-heading-center\" style=\"margin:0;\">Tem alguma d\u00favida ou sugest\u00e3o? Preencha o formul\u00e1rio abaixo.<\/h1><\/div><div class=\"fusion-clearfix\"><\/div>\n\n\t\t\t\t\t<\/div>\n\t\t\t\t<\/div><\/div><\/div><div class=\"fusion-fullwidth fullwidth-box fusion-builder-row-3 nonhundred-percent-fullwidth non-hundred-percent-height-scrolling\"  style='background-color: rgba(255,255,255,0);background-position: center center;background-repeat: no-repeat;padding-top:0px;padding-right:0px;padding-bottom:5%;padding-left:0px;'><div class=\"fusion-builder-row fusion-row \"><div  class=\"fusion-layout-column fusion_builder_column fusion_builder_column_1_1 fusion-builder-column-3 fusion-one-full fusion-column-first fusion-column-last 1_1\"  style='margin-top:0px;margin-bottom:0px;'>\n\t\t\t\t\t<div class=\"fusion-column-wrapper\" style=\"padding: 0px 0px 0px 0px;background-position:left top;background-repeat:no-repeat;-webkit-background-size:cover;-moz-background-size:cover;-o-background-size:cover;background-size:cover;\"   data-bg-url=\"\">\n\t\t\t\t\t\t<div class=\"fusion-text\"><p>Solicite sua proposta abaixo<\/p>\n<\/div><div role=\"form\" class=\"wpcf7\" id=\"wpcf7-f1102-o1\" lang=\"pt-BR\" dir=\"ltr\">\n<div class=\"screen-reader-response\"><p role=\"status\" aria-live=\"polite\" aria-atomic=\"true\"><\/p> <ul><\/ul><\/div>\n<form action=\"\/theocom\/wp-json\/wp\/v2\/pages\/10#wpcf7-f1102-o1\" method=\"post\" class=\"wpcf7-form init\" novalidate=\"novalidate\" data-status=\"init\">\n<div style=\"display: none;\">\n<input type=\"hidden\" name=\"_wpcf7\" value=\"1102\" \/>\n<input type=\"hidden\" name=\"_wpcf7_version\" value=\"5.3\" \/>\n<input type=\"hidden\" name=\"_wpcf7_locale\" value=\"pt_BR\" \/>\n<input type=\"hidden\" name=\"_wpcf7_unit_tag\" value=\"wpcf7-f1102-o1\" \/>\n<input type=\"hidden\" name=\"_wpcf7_container_post\" value=\"0\" \/>\n<input type=\"hidden\" name=\"_wpcf7_posted_data_hash\" value=\"\" \/>\n<input type=\"hidden\" name=\"_wpcf7cf_hidden_group_fields\" value=\"\" \/>\n<input type=\"hidden\" name=\"_wpcf7cf_hidden_groups\" value=\"\" \/>\n<input type=\"hidden\" name=\"_wpcf7cf_visible_groups\" value=\"\" \/>\n<input type=\"hidden\" name=\"_wpcf7cf_repeaters\" value=\"[]\" \/>\n<input type=\"hidden\" name=\"_wpcf7cf_steps\" value=\"{}\" \/>\n<input type=\"hidden\" name=\"_wpcf7cf_options\" value=\"{&quot;form_id&quot;:1102,&quot;conditions&quot;:[],&quot;settings&quot;:{&quot;animation&quot;:&quot;yes&quot;,&quot;animation_intime&quot;:200,&quot;animation_outtime&quot;:200,&quot;conditions_ui&quot;:&quot;normal&quot;,&quot;notice_dismissed&quot;:false}}\" \/>\n<\/div>\n<div class=\"delucca-form\">\n<div class=\"row\">\n<div class=\"col-sm-6\">\n\t\t\t<span class=\"wpcf7-form-control-wrap your-empresa\"><input type=\"text\" name=\"your-empresa\" value=\"\" size=\"40\" class=\"wpcf7-form-control wpcf7-text wpcf7-validates-as-required\" aria-required=\"true\" aria-invalid=\"false\" placeholder=\"Nome da Empresa\" \/><\/span>\n\t\t<\/div>\n<div class=\"col-sm-6\">\n\t\t\t<span class=\"wpcf7-form-control-wrap your-cnpj\"><input type=\"text\" name=\"your-cnpj\" value=\"\" size=\"40\" maxlength=\"17\" minlength=\"13\" class=\"wpcf7-form-control wpcf7-text wpcf7-validates-as-required\" aria-required=\"true\" aria-invalid=\"false\" placeholder=\"CNPJ\" \/><\/span>\n\t\t<\/div>\n<\/p><\/div>\n<div class=\"row\">\n<div class=\"col-sm-6\">\n\t\t\t<span class=\"wpcf7-form-control-wrap your-nome\"><input type=\"text\" name=\"your-nome\" value=\"\" size=\"40\" class=\"wpcf7-form-control wpcf7-text wpcf7-validates-as-required\" aria-required=\"true\" aria-invalid=\"false\" placeholder=\"Seu nome\" \/><\/span>\n\t\t<\/div>\n<div class=\"col-sm-6\">\n\t\t\t<span class=\"wpcf7-form-control-wrap your-email\"><input type=\"email\" name=\"your-email\" value=\"\" size=\"40\" class=\"wpcf7-form-control wpcf7-text wpcf7-email wpcf7-validates-as-required wpcf7-validates-as-email\" aria-required=\"true\" aria-invalid=\"false\" placeholder=\"Seu E-mail\" \/><\/span>\n\t\t<\/div>\n<\/p><\/div>\n<div class=\"row\">\n<div class=\"col-sm-6\">\n\t\t\t<span class=\"wpcf7-form-control-wrap your-telefone\"><input type=\"text\" name=\"your-telefone\" value=\"\" size=\"40\" maxlength=\"13\" minlength=\"10\" class=\"wpcf7-form-control wpcf7-text wpcf7-validates-as-required\" aria-required=\"true\" aria-invalid=\"false\" placeholder=\"Telefone Comercial\" \/><\/span>\n\t\t<\/div>\n<div class=\"col-sm-6\">\n\t\t\t<span class=\"wpcf7-form-control-wrap your-telefone2\"><input type=\"text\" name=\"your-telefone2\" value=\"\" size=\"40\" maxlength=\"14\" minlength=\"10\" class=\"wpcf7-form-control wpcf7-text\" aria-invalid=\"false\" placeholder=\"Celular\" \/><\/span>\n\t\t<\/div>\n<\/p><\/div>\n<div class=\"row\">\n<div class=\"col-sm-12\">\n\t\t\t<span class=\"wpcf7-form-control-wrap your-message\"><textarea name=\"your-message\" cols=\"40\" rows=\"10\" class=\"wpcf7-form-control wpcf7-textarea\" aria-invalid=\"false\"><\/textarea><\/span>\n\t\t<\/div>\n<\/p><\/div>\n<div class=\"row\">\n<div class=\"col-sm-12\">\n\t\t\t<input type=\"submit\" value=\"Enviar Mensagem\" class=\"wpcf7-form-control wpcf7-submit\" \/>\n\t\t<\/div>\n<\/p><\/div>\n<\/div>\n<div class=\"fusion-alert alert custom alert-custom fusion-alert-center wpcf7-response-output fusion-alert-capitalize alert-dismissable\" style=\"border-width:1px;\"><button type=\"button\" class=\"close toggle-alert\" data-dismiss=\"alert\" aria-hidden=\"true\">&times;<\/button><div class=\"fusion-alert-content-wrapper\"><span class=\"fusion-alert-content\"><\/span><\/div><\/div><\/form><\/div><div class=\"fusion-clearfix\"><\/div>\n\n\t\t\t\t\t<\/div>\n\t\t\t\t<\/div><\/div><\/div><div class=\"fusion-fullwidth fullwidth-box fusion-builder-row-4 nonhundred-percent-fullwidth non-hundred-percent-height-scrolling\"  style='background-color: #f7f7f7;background-position: center center;background-repeat: no-repeat;padding-top:5%;padding-right:0px;padding-bottom:5%;padding-left:0px;'><div class=\"fusion-builder-row fusion-row \"><div  class=\"fusion-layout-column fusion_builder_column fusion_builder_column_1_1 fusion-builder-column-4 fusion-one-full fusion-column-first fusion-column-last 1_1\"  style='margin-top:0px;margin-bottom:0px;'>\n\t\t\t\t\t<div class=\"fusion-column-wrapper\" style=\"padding: 0px 0px 5% 0px;background-position:left top;background-repeat:no-repeat;-webkit-background-size:cover;-moz-background-size:cover;-o-background-size:cover;background-size:cover;\"   data-bg-url=\"\">\n\t\t\t\t\t\t<style type=\"text\/css\"><\/style><div class=\"fusion-title title fusion-title-2 fusion-sep-none fusion-title-center fusion-title-text fusion-title-size-one\" style=\"margin-top:0px;margin-bottom:0px;\"><h1 class=\"title-heading-center\" style=\"margin:0;\">Parceiro Credenciado Vivo Empresas<\/h1><\/div><div class=\"fusion-text\"><p style=\"text-align: center;\">Certifica\u00e7\u00e3o: <strong>Diamante<\/strong><\/p>\n<\/div><div class=\"fusion-clearfix\"><\/div>\n\n\t\t\t\t\t<\/div>\n\t\t\t\t<\/div><div  class=\"fusion-layout-column fusion_builder_column fusion_builder_column_1_1 fusion-builder-column-5 fusion-one-full fusion-column-first fusion-column-last 1_1\"  style='margin-top:0px;margin-bottom:0px;'>\n\t\t\t\t\t<div class=\"fusion-column-wrapper\" style=\"padding: 0px 0px 0px 0px;background-position:left top;background-repeat:no-repeat;-webkit-background-size:cover;-moz-background-size:cover;-o-background-size:cover;background-size:cover;\"   data-bg-url=\"\">\n\t\t\t\t\t\t<div class=\"imageframe-align-center\"><span class=\"fusion-imageframe imageframe-none imageframe-2 hover-type-none\"><img loading=\"lazy\" src=\"https:\/\/i2.wp.com\/www.theocom.com.br\/theocom\/wp-content\/uploads\/2020\/08\/Vivo-Empresas-Theocom-Parceiro-Autorizado.png?resize=228%2C116&#038;ssl=1\" width=\"228\" height=\"116\" alt=\"\" title=\"Vivo Empresas Theocom Parceiro Autorizado\" class=\"img-responsive wp-image-13521\" srcset=\"https:\/\/i2.wp.com\/www.theocom.com.br\/theocom\/wp-content\/uploads\/2020\/08\/Vivo-Empresas-Theocom-Parceiro-Autorizado.png?resize=200%2C102&amp;ssl=1 200w, https:\/\/i2.wp.com\/www.theocom.com.br\/theocom\/wp-content\/uploads\/2020\/08\/Vivo-Empresas-Theocom-Parceiro-Autorizado.png?fit=228%2C116&amp;ssl=1 228w\" sizes=\"(max-width: 0px) 100vw, 228px\" data-recalc-dims=\"1\" \/><\/span><\/div><div class=\"fusion-clearfix\"><\/div>\n\n\t\t\t\t\t<\/div>\n\t\t\t\t<\/div><\/div><\/div><div class=\"fusion-fullwidth fullwidth-box fusion-builder-row-5 nonhundred-percent-fullwidth non-hundred-percent-height-scrolling\"  style='background-color: rgba(255,255,255,0);background-position: center center;background-repeat: no-repeat;padding-top:0px;padding-right:0px;padding-bottom:0px;padding-left:0px;'><div class=\"fusion-builder-row fusion-row \"><div  class=\"fusion-layout-column fusion_builder_column fusion_builder_column_1_1 fusion-builder-column-6 fusion-one-full fusion-column-first fusion-column-last 1_1\"  style='margin-top:0px;margin-bottom:0px;'>\n\t\t\t\t\t<div class=\"fusion-column-wrapper\" style=\"padding: 0px 0px 0px 0px;background-position:left top;background-repeat:no-repeat;-webkit-background-size:cover;-moz-background-size:cover;-o-background-size:cover;background-size:cover;\"   data-bg-url=\"\">\n\t\t\t\t\t\t<div class=\"fusion-modal modal fade modal-1 assineja\" tabindex=\"-1\" role=\"dialog\" aria-labelledby=\"modal-heading-1\" aria-hidden=\"true\"><style type=\"text\/css\">.modal-1 .modal-header, .modal-1 .modal-footer{border-color:#ebebeb;}<\/style><div class=\"modal-dialog modal-lg\"><div class=\"modal-content fusion-modal-content\" style=\"background-color:#ffffff\"><div class=\"modal-header\"><button class=\"close\" type=\"button\" data-dismiss=\"modal\" aria-hidden=\"true\">&times;<\/button><h3 class=\"modal-title\" id=\"modal-heading-1\" data-dismiss=\"modal\" aria-hidden=\"true\"><\/h3><\/div><div class=\"modal-body fusion-clearfix\">\n<div role=\"form\" class=\"wpcf7\" id=\"wpcf7-f533-o2\" lang=\"pt-BR\" dir=\"ltr\">\n<div class=\"screen-reader-response\"><p role=\"status\" aria-live=\"polite\" aria-atomic=\"true\"><\/p> <ul><\/ul><\/div>\n<form action=\"\/theocom\/wp-json\/wp\/v2\/pages\/10#wpcf7-f533-o2\" method=\"post\" class=\"wpcf7-form init\" novalidate=\"novalidate\" data-status=\"init\">\n<div style=\"display: none;\">\n<input type=\"hidden\" name=\"_wpcf7\" value=\"533\" \/>\n<input type=\"hidden\" name=\"_wpcf7_version\" value=\"5.3\" \/>\n<input type=\"hidden\" name=\"_wpcf7_locale\" value=\"pt_BR\" \/>\n<input type=\"hidden\" name=\"_wpcf7_unit_tag\" value=\"wpcf7-f533-o2\" \/>\n<input type=\"hidden\" name=\"_wpcf7_container_post\" value=\"0\" \/>\n<input type=\"hidden\" name=\"_wpcf7_posted_data_hash\" value=\"\" \/>\n<input type=\"hidden\" name=\"_wpcf7cf_hidden_group_fields\" value=\"\" \/>\n<input type=\"hidden\" name=\"_wpcf7cf_hidden_groups\" value=\"\" \/>\n<input type=\"hidden\" name=\"_wpcf7cf_visible_groups\" value=\"\" \/>\n<input type=\"hidden\" name=\"_wpcf7cf_repeaters\" value=\"[]\" \/>\n<input type=\"hidden\" name=\"_wpcf7cf_steps\" value=\"{}\" \/>\n<input type=\"hidden\" name=\"_wpcf7cf_options\" value=\"{&quot;form_id&quot;:533,&quot;conditions&quot;:[],&quot;settings&quot;:{&quot;animation&quot;:&quot;yes&quot;,&quot;animation_intime&quot;:200,&quot;animation_outtime&quot;:200,&quot;conditions_ui&quot;:&quot;normal&quot;,&quot;notice_dismissed&quot;:false}}\" \/>\n<\/div>\n<div class=\"titulo-modal\">\n<h2><strong>Preencha o formul\u00e1rio e receba nosso contato<\/strong><\/h2>\n<\/div>\n<div class=\"delucca-form\">\n<div class=\"row\">\n<div class=\"col-sm-6\">\n\t\t\t<span class=\"wpcf7-form-control-wrap your-empresa\"><input type=\"text\" name=\"your-empresa\" value=\"\" size=\"40\" class=\"wpcf7-form-control wpcf7-text\" aria-invalid=\"false\" placeholder=\"Nome da Empresa\" \/><\/span>\n\t\t<\/div>\n<div class=\"col-sm-6\">\n\t\t\t<span class=\"wpcf7-form-control-wrap your-cnpj\"><input type=\"text\" name=\"your-cnpj\" value=\"\" size=\"40\" maxlength=\"17\" minlength=\"13\" class=\"wpcf7-form-control wpcf7-text wpcf7-validates-as-required\" aria-required=\"true\" aria-invalid=\"false\" placeholder=\"CNPJ\" \/><\/span>\n\t\t<\/div>\n<\/p><\/div>\n<div class=\"row\">\n<div class=\"col-sm-6\">\n\t\t\t<span class=\"wpcf7-form-control-wrap your-nome\"><input type=\"text\" name=\"your-nome\" value=\"\" size=\"40\" class=\"wpcf7-form-control wpcf7-text wpcf7-validates-as-required\" aria-required=\"true\" aria-invalid=\"false\" placeholder=\"Seu nome\" \/><\/span>\n\t\t<\/div>\n<div class=\"col-sm-6\">\n\t\t\t<span class=\"wpcf7-form-control-wrap your-email\"><input type=\"email\" name=\"your-email\" value=\"\" size=\"40\" class=\"wpcf7-form-control wpcf7-text wpcf7-email wpcf7-validates-as-required wpcf7-validates-as-email\" aria-required=\"true\" aria-invalid=\"false\" placeholder=\"Seu E-mail\" \/><\/span>\n\t\t<\/div>\n<\/p><\/div>\n<div class=\"row\">\n<div class=\"col-sm-6\">\n\t\t\t<span class=\"wpcf7-form-control-wrap your-telefone\"><input type=\"text\" name=\"your-telefone\" value=\"\" size=\"40\" maxlength=\"13\" minlength=\"10\" class=\"wpcf7-form-control wpcf7-text wpcf7-validates-as-required\" aria-required=\"true\" aria-invalid=\"false\" placeholder=\"Telefone Comercial\" \/><\/span>\n\t\t<\/div>\n<div class=\"col-sm-6\">\n\t\t\t<span class=\"wpcf7-form-control-wrap your-telefone2\"><input type=\"text\" name=\"your-telefone2\" value=\"\" size=\"40\" maxlength=\"14\" minlength=\"10\" class=\"wpcf7-form-control wpcf7-text\" aria-invalid=\"false\" placeholder=\"Celular\" \/><\/span>\n\t\t<\/div>\n<\/p><\/div>\n<div class=\"row\">\n<div class=\"col-sm-12\">\n\t\t\t<span class=\"wpcf7-form-control-wrap your-message\"><textarea name=\"your-message\" cols=\"40\" rows=\"10\" class=\"wpcf7-form-control wpcf7-textarea\" aria-invalid=\"false\" placeholder=\"Observa\u00e7\u00f5es\"><\/textarea><\/span>\n\t\t<\/div>\n<\/p><\/div>\n<div class=\"row\">\n<div class=\"col-sm-12\">\n\t\t\t<input type=\"submit\" value=\"Enviar\" class=\"wpcf7-form-control wpcf7-submit\" \/>\n\t\t<\/div>\n<\/p><\/div>\n<\/div>\n<div class=\"fusion-alert alert custom alert-custom fusion-alert-center wpcf7-response-output fusion-alert-capitalize alert-dismissable\" style=\"border-width:1px;\"><button type=\"button\" class=\"close toggle-alert\" data-dismiss=\"alert\" aria-hidden=\"true\">&times;<\/button><div class=\"fusion-alert-content-wrapper\"><span class=\"fusion-alert-content\"><\/span><\/div><\/div><\/form><\/div>\n<\/div><\/div><\/div><\/div><div class=\"fusion-clearfix\"><\/div>\n\n\t\t\t\t\t<\/div>\n\t\t\t\t<\/div><\/div><\/div><\/p>\n","protected":false},"excerpt":{"rendered":"","protected":false},"author":1,"featured_media":0,"parent":0,"menu_order":0,"comment_status":"closed","ping_status":"closed","template":"100-width.php","meta":{"spay_email":""},"yoast_head":"<!-- This site is optimized with the Yoast SEO plugin v15.2.1 - https:\/\/yoast.com\/wordpress\/plugins\/seo\/ -->\n<title>Fale Conosco | Theocom<\/title>\n<meta name=\"robots\" content=\"index, follow, max-snippet:-1, max-image-preview:large, max-video-preview:-1\" \/>\n<link rel=\"canonical\" href=\"https:\/\/www.theocom.com.br\/theocom\/fale-conosco\/\" \/>\n<meta property=\"og:locale\" content=\"pt_BR\" \/>\n<meta property=\"og:type\" content=\"article\" \/>\n<meta property=\"og:title\" content=\"Fale Conosco | Theocom\" \/>\n<meta property=\"og:url\" content=\"https:\/\/www.theocom.com.br\/theocom\/fale-conosco\/\" \/>\n<meta property=\"og:site_name\" content=\"Theocom\" \/>\n<meta property=\"article:publisher\" content=\"https:\/\/www.facebook.com\/theocom.consultoria\/\" \/>\n<meta property=\"article:modified_time\" content=\"2020-08-17T19:17:15+00:00\" \/>\n<meta property=\"og:image\" content=\"https:\/\/i0.wp.com\/www.theocom.com.br\/theocom\/wp-content\/uploads\/2018\/02\/open-graph-theocom.png?fit=1200%2C628&#038;ssl=1\" \/>\n\t<meta property=\"og:image:width\" content=\"1200\" \/>\n\t<meta property=\"og:image:height\" content=\"628\" \/>\n<meta name=\"twitter:card\" content=\"summary_large_image\" \/>\n<meta name=\"twitter:label1\" content=\"Written by\">\n\t<meta name=\"twitter:data1\" content=\"Theocom\">\n\t<meta name=\"twitter:label2\" content=\"Est. reading time\">\n\t<meta name=\"twitter:data2\" content=\"5 minutos\">\n<script type=\"application\/ld+json\" class=\"yoast-schema-graph\">{\"@context\":\"https:\/\/schema.org\",\"@graph\":[{\"@type\":\"Organization\",\"@id\":\"https:\/\/www.theocom.com.br\/theocom\/#organization\",\"name\":\"Theocom Telefonia Empresarial\",\"url\":\"https:\/\/www.theocom.com.br\/theocom\/\",\"sameAs\":[\"https:\/\/www.facebook.com\/theocom.consultoria\/\",\"https:\/\/www.instagram.com\/theocomconsultoria\/\",\"https:\/\/www.linkedin.com\/company\/theocom\/\"],\"logo\":{\"@type\":\"ImageObject\",\"@id\":\"https:\/\/www.theocom.com.br\/theocom\/#logo\",\"inLanguage\":\"pt-BR\",\"url\":\"https:\/\/i1.wp.com\/www.theocom.com.br\/theocom\/wp-content\/uploads\/2018\/10\/Theocom_VIVO_horizontapadrao.png?fit=1618%2C328&ssl=1\",\"width\":1618,\"height\":328,\"caption\":\"Theocom Telefonia Empresarial\"},\"image\":{\"@id\":\"https:\/\/www.theocom.com.br\/theocom\/#logo\"}},{\"@type\":\"WebSite\",\"@id\":\"https:\/\/www.theocom.com.br\/theocom\/#website\",\"url\":\"https:\/\/www.theocom.com.br\/theocom\/\",\"name\":\"Theocom\",\"description\":\"O melhor parceiro Vivo Empresas do Brasil!\",\"publisher\":{\"@id\":\"https:\/\/www.theocom.com.br\/theocom\/#organization\"},\"potentialAction\":[{\"@type\":\"SearchAction\",\"target\":\"https:\/\/www.theocom.com.br\/theocom\/?s={search_term_string}\",\"query-input\":\"required name=search_term_string\"}],\"inLanguage\":\"pt-BR\"},{\"@type\":\"WebPage\",\"@id\":\"https:\/\/www.theocom.com.br\/theocom\/fale-conosco\/#webpage\",\"url\":\"https:\/\/www.theocom.com.br\/theocom\/fale-conosco\/\",\"name\":\"Fale Conosco | Theocom\",\"isPartOf\":{\"@id\":\"https:\/\/www.theocom.com.br\/theocom\/#website\"},\"datePublished\":\"2017-12-16T12:26:29+00:00\",\"dateModified\":\"2020-08-17T19:17:15+00:00\",\"inLanguage\":\"pt-BR\",\"potentialAction\":[{\"@type\":\"ReadAction\",\"target\":[\"https:\/\/www.theocom.com.br\/theocom\/fale-conosco\/\"]}]}]}<\/script>\n<!-- \/ Yoast SEO plugin. -->","_links":{"self":[{"href":"https:\/\/www.theocom.com.br\/theocom\/wp-json\/wp\/v2\/pages\/10"}],"collection":[{"href":"https:\/\/www.theocom.com.br\/theocom\/wp-json\/wp\/v2\/pages"}],"about":[{"href":"https:\/\/www.theocom.com.br\/theocom\/wp-json\/wp\/v2\/types\/page"}],"author":[{"embeddable":true,"href":"https:\/\/www.theocom.com.br\/theocom\/wp-json\/wp\/v2\/users\/1"}],"replies":[{"embeddable":true,"href":"https:\/\/www.theocom.com.br\/theocom\/wp-json\/wp\/v2\/comments?post=10"}],"version-history":[{"count":11,"href":"https:\/\/www.theocom.com.br\/theocom\/wp-json\/wp\/v2\/pages\/10\/revisions"}],"predecessor-version":[{"id":13547,"href":"https:\/\/www.theocom.com.br\/theocom\/wp-json\/wp\/v2\/pages\/10\/revisions\/13547"}],"wp:attachment":[{"href":"https:\/\/www.theocom.com.br\/theocom\/wp-json\/wp\/v2\/media?parent=10"}],"curies":[{"name":"wp","href":"https:\/\/api.w.org\/{rel}","templated":true}]}}